{"id":145,"date":"2019-06-26T20:40:40","date_gmt":"2019-06-26T20:40:40","guid":{"rendered":"http:\/\/wechselforelle.at\/?page_id=145"},"modified":"2023-03-09T08:17:03","modified_gmt":"2023-03-09T08:17:03","slug":"elementor-145","status":"publish","type":"page","link":"https:\/\/wechselforelle.at\/?page_id=145","title":{"rendered":"Restaurant"},"content":{"rendered":"\t\t<div data-elementor-type=\"wp-post\" data-elementor-id=\"145\" class=\"elementor elementor-145\">\n\t\t\t\t\t\t<section class=\"elementor-section elementor-top-section elementor-element elementor-element-df38cab elementor-section-boxed elementor-section-height-default elementor-section-height-default\" data-id=\"df38cab\" data-element_type=\"section\">\n\t\t\t\t\t\t<div class=\"elementor-container elementor-column-gap-default\">\n\t\t\t\t\t<div class=\"elementor-column elementor-col-100 elementor-top-column elementor-element elementor-element-b7871ac\" data-id=\"b7871ac\" data-element_type=\"column\">\n\t\t\t<div class=\"elementor-widget-wrap elementor-element-populated\">\n\t\t\t\t\t\t<div class=\"elementor-element elementor-element-761e919 elementor-widget elementor-widget-image\" data-id=\"761e919\" data-element_type=\"widget\" data-widget_type=\"image.default\">\n\t\t\t\t<div class=\"elementor-widget-container\">\n\t\t\t\t\t\t\t\t\t\t\t\t\t<img decoding=\"async\" src=\"https:\/\/wechselforelle.at\/wp-content\/uploads\/elementor\/thumbs\/IMG_0844-p8bb0i9wez8dnhhcnngtj7xdzf94l185mm8jwx42ao.jpg\" title=\"IMG_0844\" alt=\"Restaurant im Winter\" loading=\"lazy\" \/>\t\t\t\t\t\t\t\t\t\t\t\t\t<\/div>\n\t\t\t\t<\/div>\n\t\t\t\t\t<\/div>\n\t\t<\/div>\n\t\t\t\t\t<\/div>\n\t\t<\/section>\n\t\t\t\t<section class=\"elementor-section elementor-top-section elementor-element elementor-element-14e7a08 elementor-section-boxed elementor-section-height-default elementor-section-height-default\" data-id=\"14e7a08\" data-element_type=\"section\">\n\t\t\t\t\t\t<div class=\"elementor-container elementor-column-gap-default\">\n\t\t\t\t\t<div class=\"elementor-column elementor-col-100 elementor-top-column elementor-element elementor-element-673c779\" data-id=\"673c779\" data-element_type=\"column\">\n\t\t\t<div class=\"elementor-widget-wrap elementor-element-populated\">\n\t\t\t\t\t\t<div class=\"elementor-element elementor-element-7773f9a elementor-widget elementor-widget-spacer\" data-id=\"7773f9a\" data-element_type=\"widget\" data-widget_type=\"spacer.default\">\n\t\t\t\t<div class=\"elementor-widget-container\">\n\t\t\t\t\t<div class=\"elementor-spacer\">\n\t\t\t<div class=\"elementor-spacer-inner\"><\/div>\n\t\t<\/div>\n\t\t\t\t<\/div>\n\t\t\t\t<\/div>\n\t\t\t\t<div class=\"elementor-element elementor-element-d7f2dfb elementor-widget elementor-widget-heading\" data-id=\"d7f2dfb\" data-element_type=\"widget\" data-widget_type=\"heading.default\">\n\t\t\t\t<div class=\"elementor-widget-container\">\n\t\t\t<h2 class=\"elementor-heading-title elementor-size-default\"><span style=\"white-space: normal; margin: 0px 0px 12px; line-height: normal; clear: both; font-size: 22px; font-family: Montserrat; color: rgb(3, 3, 3);\">Ins Wechselgebiet eingebettet \u2026<\/span><\/h2>\t\t<\/div>\n\t\t\t\t<\/div>\n\t\t\t\t\t<\/div>\n\t\t<\/div>\n\t\t\t\t\t<\/div>\n\t\t<\/section>\n\t\t\t\t<section class=\"elementor-section elementor-top-section elementor-element elementor-element-02f1ae3 elementor-section-boxed elementor-section-height-default elementor-section-height-default\" data-id=\"02f1ae3\" data-element_type=\"section\">\n\t\t\t\t\t\t<div class=\"elementor-container elementor-column-gap-default\">\n\t\t\t\t\t<div class=\"elementor-column elementor-col-100 elementor-top-column elementor-element elementor-element-5391f42\" data-id=\"5391f42\" data-element_type=\"column\">\n\t\t\t<div class=\"elementor-widget-wrap elementor-element-populated\">\n\t\t\t\t\t\t<div class=\"elementor-element elementor-element-9aa6fb1 elementor-widget elementor-widget-text-editor\" data-id=\"9aa6fb1\" data-element_type=\"widget\" data-widget_type=\"text-editor.default\">\n\t\t\t\t<div class=\"elementor-widget-container\">\n\t\t\t\t\t\t\t<p>\u2026 laden wir Sie in unser Restaurant mit erlebbarer Fischzucht ein. Am Ufer des Fischteiches verk\u00f6stigen wir Sie mit hausgemachten Spezialit\u00e4ten vom Fisch, saisonalen Schmankerl und \u00f6sterreichischen Wein.<\/p><p>Willkommen in der Wechselforelle!<\/p>\t\t\t\t\t\t<\/div>\n\t\t\t\t<\/div>\n\t\t\t\t\t<\/div>\n\t\t<\/div>\n\t\t\t\t\t<\/div>\n\t\t<\/section>\n\t\t\t\t<section class=\"elementor-section elementor-top-section elementor-element elementor-element-837e811 elementor-section-boxed elementor-section-height-default elementor-section-height-default\" data-id=\"837e811\" data-element_type=\"section\">\n\t\t\t\t\t\t<div class=\"elementor-container elementor-column-gap-default\">\n\t\t\t\t\t<div class=\"elementor-column elementor-col-100 elementor-top-column elementor-element elementor-element-d57c0b4\" data-id=\"d57c0b4\" data-element_type=\"column\">\n\t\t\t<div class=\"elementor-widget-wrap elementor-element-populated\">\n\t\t\t\t\t\t\t<\/div>\n\t\t<\/div>\n\t\t\t\t\t<\/div>\n\t\t<\/section>\n\t\t\t\t<section class=\"elementor-section elementor-top-section elementor-element elementor-element-782f2e4 elementor-section-boxed elementor-section-height-default elementor-section-height-default\" data-id=\"782f2e4\" data-element_type=\"section\">\n\t\t\t\t\t\t<div class=\"elementor-container elementor-column-gap-default\">\n\t\t\t\t\t<div class=\"elementor-column elementor-col-100 elementor-top-column elementor-element elementor-element-2afa3c8\" data-id=\"2afa3c8\" data-element_type=\"column\">\n\t\t\t<div class=\"elementor-widget-wrap\">\n\t\t\t\t\t\t\t<\/div>\n\t\t<\/div>\n\t\t\t\t\t<\/div>\n\t\t<\/section>\n\t\t\t\t<\/div>\n\t\t","protected":false},"excerpt":{"rendered":"<p>Ins Wechselgebiet eingebettet \u2026 \u2026 laden wir Sie in unser Restaurant mit erlebbarer Fischzucht ein. Am Ufer des Fischteiches verk\u00f6stigen wir Sie mit hausgemachten Spezialit\u00e4ten vom Fisch, saisonalen Schmankerl und \u00f6sterreichischen Wein. Willkommen in der Wechselforelle!<\/p>\n","protected":false},"author":2,"featured_media":0,"parent":0,"menu_order":0,"comment_status":"closed","ping_status":"closed","template":"","meta":{"footnotes":""},"class_list":["post-145","page","type-page","status-publish","hentry"],"jetpack_sharing_enabled":true,"_links":{"self":[{"href":"https:\/\/wechselforelle.at\/index.php?rest_route=\/wp\/v2\/pages\/145"}],"collection":[{"href":"https:\/\/wechselforelle.at\/index.php?rest_route=\/wp\/v2\/pages"}],"about":[{"href":"https:\/\/wechselforelle.at\/index.php?rest_route=\/wp\/v2\/types\/page"}],"author":[{"embeddable":true,"href":"https:\/\/wechselforelle.at\/index.php?rest_route=\/wp\/v2\/users\/2"}],"replies":[{"embeddable":true,"href":"https:\/\/wechselforelle.at\/index.php?rest_route=%2Fwp%2Fv2%2Fcomments&post=145"}],"version-history":[{"count":15,"href":"https:\/\/wechselforelle.at\/index.php?rest_route=\/wp\/v2\/pages\/145\/revisions"}],"predecessor-version":[{"id":3636,"href":"https:\/\/wechselforelle.at\/index.php?rest_route=\/wp\/v2\/pages\/145\/revisions\/3636"}],"wp:attachment":[{"href":"https:\/\/wechselforelle.at\/index.php?rest_route=%2Fwp%2Fv2%2Fmedia&parent=145"}],"curies":[{"name":"wp","href":"https:\/\/api.w.org\/{rel}","templated":true}]}}